{"id":1042,"date":"2025-11-18T13:28:38","date_gmt":"2025-11-18T13:28:38","guid":{"rendered":"https:\/\/mentallylab.com\/?page_id=1042"},"modified":"2026-02-23T16:25:55","modified_gmt":"2026-02-23T16:25:55","slug":"learning-center","status":"publish","type":"page","link":"https:\/\/mentallylab.com\/en\/learning-center\/","title":{"rendered":"Learning Center"},"content":{"rendered":"<div class=\"et_pb_section_0 et_pb_section et_section_regular et_flex_section\" id=\"ventajas\">\n<div class=\"et_pb_row_0 et_pb_row et_flex_row\">\n<div class=\"et_pb_column_0 et_pb_column et-last-child et_flex_column et_pb_css_mix_blend_mode_passthrough et_flex_column_24_24 et_flex_column_24_24_tablet et_flex_column_24_24_phone\">\n<div class=\"et_pb_text_0 et_pb_text et_pb_bg_layout_light et_pb_module et_block_module\"><div class=\"et_pb_text_inner\"><h2 style=\"text-align: center;\">Learning\u00a0Center<\/h2>\n<\/div><\/div>\n\n<div class=\"et_pb_divider_0 et_pb_divider et_pb_space et_pb_divider_position_top et_pb_module\"><div class=\"et_pb_divider_internal\"><\/div><\/div>\n<\/div>\n<\/div>\n\n<div class=\"et_pb_row_1 et_pb_row et_flex_row\">\n<div class=\"et_pb_column_1 et_pb_column et_flex_column et_pb_css_mix_blend_mode_passthrough et_flex_column_8_24 et_flex_column_8_24_tablet et_flex_column_24_24_phone\">\n<div class=\"et_pb_text_1 et_pb_text et_pb_bg_layout_light et_pb_module et_block_module\"><div class=\"et_pb_text_inner\"><h5>V\u00eddeo<\/h5>\n<h2>Gu\u00eda completa para realizar tu 1\u00aa evaluaci\u00f3n con Mentallypro<\/h2>\n<\/div><\/div>\n<\/div>\n\n<div class=\"et_pb_column_2 et_pb_column et-last-child et_flex_column et_pb_css_mix_blend_mode_passthrough et_flex_column_16_24 et_flex_column_16_24_tablet et_flex_column_24_24_phone\">\n<div class=\"et_pb_code_0 et_pb_code et_pb_module\"><div class=\"et_pb_code_inner\"><div style=\"position: relative; padding-bottom: 56.25%; height: 0;\"><iframe src=\"https:\/\/www.loom.com\/embed\/6f80001904f5488689ec87a4f15a20e9\" frameborder=\"0\" webkitallowfullscreen mozallowfullscreen allowfullscreen style=\"position: absolute; top: 0; left: 0; width: 100%; height: 100%;\"><\/iframe><\/div><\/div><\/div>\n<\/div>\n<\/div>\n\n<div class=\"et_pb_row_2 et_pb_row et_flex_row\">\n<div class=\"et_pb_column_3 et_pb_column et_flex_column et_pb_css_mix_blend_mode_passthrough et_flex_column_8_24 et_flex_column_8_24_tablet et_flex_column_24_24_phone\">\n<div class=\"et_pb_text_2 et_pb_text et_pb_bg_layout_light et_pb_module et_block_module\"><div class=\"et_pb_text_inner\"><h5>Introducci\u00f3n a Mentallypro<\/h5>\n<h2><b>Evaluaci\u00f3n Psicosocial actualizada<\/b><\/h2>\n<\/div><\/div>\n<\/div>\n\n<div class=\"et_pb_column_4 et_pb_column et-last-child et_flex_column et_pb_css_mix_blend_mode_passthrough et_flex_column_16_24 et_flex_column_16_24_tablet et_flex_column_24_24_phone\">\n<div class=\"et_pb_code_1 et_pb_code et_pb_module\"><div class=\"et_pb_code_inner\"><div style=\"position: relative; padding-bottom: 56.25%; height: 0;\"><iframe src=\"https:\/\/www.loom.com\/embed\/64a826f53b5040c7a2876fa2fff93318\" frameborder=\"0\" webkitallowfullscreen mozallowfullscreen allowfullscreen style=\"position: absolute; top: 0; left: 0; width: 100%; height: 100%;\"><\/iframe><\/div><\/div><\/div>\n<\/div>\n<\/div>\n\n<div class=\"et_pb_row_3 et_pb_row et_flex_row\">\n<div class=\"et_pb_column_5 et_pb_column et_flex_column et_pb_css_mix_blend_mode_passthrough et_flex_column_8_24 et_flex_column_8_24_tablet et_flex_column_24_24_phone\">\n<div class=\"et_pb_text_3 et_pb_text et_pb_bg_layout_light et_pb_module et_block_module\"><div class=\"et_pb_text_inner\"><h5>Insights Clave<\/h5>\n<h2>La Mejora de la salud Mental en el Entorno Laboral<\/h2>\n<\/div><\/div>\n<\/div>\n\n<div class=\"et_pb_column_6 et_pb_column et-last-child et_flex_column et_pb_css_mix_blend_mode_passthrough et_flex_column_16_24 et_flex_column_16_24_tablet et_flex_column_24_24_phone\">\n<div class=\"et_pb_code_2 et_pb_code et_pb_module\"><div class=\"et_pb_code_inner\"><div style=\"position: relative; width: 100%; height: 0; padding-top: 56.2500%; padding-bottom: 0; box-shadow: 0 2px 8px 0 rgba(63,69,81,0.16); margin-top: 1.6em; margin-bottom: 0.9em; overflow: hidden; border-radius: 8px; will-change: transform;\">\n  <iframe loading=\"lazy\" style=\"position: absolute; width: 100%; height: 100%; top: 0; left: 0; border: none; padding: 0;margin: 0;\"\n    src=\"https:\/\/www.canva.com\/design\/DAGoocgdjHw\/eaWogU_v8zSBiWjWvgI-6A\/view?embed\" allowfullscreen=\"allowfullscreen\" allow=\"fullscreen\">\n  <\/iframe>\n<\/div><\/div><\/div>\n<\/div>\n<\/div>\n\n<div class=\"et_pb_row_4 et_pb_row et_flex_row\">\n<div class=\"et_pb_column_7 et_pb_column et_flex_column et_pb_css_mix_blend_mode_passthrough et_flex_column_8_24 et_flex_column_8_24_tablet et_flex_column_24_24_phone\">\n<div class=\"et_pb_text_4 et_pb_text et_pb_bg_layout_light et_pb_module et_flex_module\"><div class=\"et_pb_text_inner\"><h5>Manual<\/h5>\n<h3>Administraci\u00f3n de Mentallypro<\/h3>\n<\/div>\n<div class=\"et_pb_module et_pb_button_module_wrapper et_pb_button_0_wrapper\"><a class=\"et_pb_button_0 et_pb_button et_pb_bg_layout_light et_pb_module et_block_module\" href=\"https:\/\/mentallylab.com\/en\/manual-mp-v6-2\/\" target=\"_blank\" data-icon=\"&amp;\">Accede al  manual<\/a><\/div>\n<\/div>\n<\/div>\n\n<div class=\"et_pb_column_8 et_pb_column et_flex_column et_pb_css_mix_blend_mode_passthrough et_flex_column_8_24 et_flex_column_8_24_tablet et_flex_column_24_24_phone\">\n<div class=\"et_pb_text_5 et_pb_text et_pb_bg_layout_light et_pb_module et_flex_module\"><div class=\"et_pb_text_inner\"><h5>Informe<\/h5>\n<h3>la Validez del instrumento Mentallypro<\/h3>\n<\/div>\n<div class=\"et_pb_module et_pb_button_module_wrapper et_pb_button_1_wrapper\"><a class=\"et_pb_button_1 et_pb_button et_pb_bg_layout_light et_pb_module et_block_module\" href=\"https:\/\/mentallylab.com\/en\/sagardoy-abogados\/\" target=\"_blank\" data-icon=\"&amp;\">Ver informe<\/a><\/div>\n<\/div>\n<\/div>\n\n<div class=\"et_pb_column_9 et_pb_column et-last-child et_flex_column et_pb_css_mix_blend_mode_passthrough et_flex_column_8_24 et_flex_column_8_24_tablet et_flex_column_24_24_phone\">\n<div class=\"et_pb_text_6 et_pb_text et_pb_bg_layout_light et_pb_module et_flex_module\"><div class=\"et_pb_text_inner\"><h5>Estudio Psicom\u00e9trico de la Escala Mentallypro<\/h5>\n<h3>Evaluaci\u00f3n de la Exposici\u00f3n a Factores de Riesgo Psicol\u00f3gico en el Entorno Laboral<\/h3>\n<\/div>\n<div class=\"et_pb_module et_pb_button_module_wrapper et_pb_button_2_wrapper\"><a class=\"et_pb_button_2 et_pb_button et_pb_bg_layout_light et_pb_module et_flex_module\" href=\"https:\/\/mentallylab.com\/en\/estudio-psicometrico-de-la-escala-mentallypro\/\" target=\"_blank\" data-icon=\"&amp;\">Ver estudio<\/a><\/div>\n<\/div>\n<\/div>\n<\/div>\n<\/div>","protected":false},"excerpt":{"rendered":"","protected":false},"author":2,"featured_media":0,"parent":0,"menu_order":0,"comment_status":"closed","ping_status":"closed","template":"","meta":{"content-type":"","footnotes":""},"class_list":["post-1042","page","type-page","status-publish","hentry"],"yoast_head":"<!-- This site is optimized with the Yoast SEO plugin v27.5 - https:\/\/yoast.com\/product\/yoast-seo-wordpress\/ -->\n<title>Learning Center - Mentallylab<\/title>\n<meta name=\"robots\" content=\"index, follow, max-snippet:-1, max-image-preview:large, max-video-preview:-1\" \/>\n<link rel=\"canonical\" href=\"https:\/\/mentallylab.com\/en\/learning-center\/\" \/>\n<meta property=\"og:locale\" content=\"en_US\" \/>\n<meta property=\"og:type\" content=\"article\" \/>\n<meta property=\"og:title\" content=\"Learning Center - Mentallylab\" \/>\n<meta property=\"og:url\" content=\"https:\/\/mentallylab.com\/en\/learning-center\/\" \/>\n<meta property=\"og:site_name\" content=\"Mentallylab\" \/>\n<meta property=\"article:modified_time\" content=\"2026-02-23T16:25:55+00:00\" \/>\n<meta name=\"twitter:card\" content=\"summary_large_image\" \/>\n<script type=\"application\/ld+json\" class=\"yoast-schema-graph\">{\"@context\":\"https:\\\/\\\/schema.org\",\"@graph\":[{\"@type\":\"WebPage\",\"@id\":\"https:\\\/\\\/mentallylab.com\\\/learning-center\\\/\",\"url\":\"https:\\\/\\\/mentallylab.com\\\/learning-center\\\/\",\"name\":\"Learning Center - Mentallylab\",\"isPartOf\":{\"@id\":\"https:\\\/\\\/mentallylab.com\\\/#website\"},\"datePublished\":\"2025-11-18T13:28:38+00:00\",\"dateModified\":\"2026-02-23T16:25:55+00:00\",\"breadcrumb\":{\"@id\":\"https:\\\/\\\/mentallylab.com\\\/learning-center\\\/#breadcrumb\"},\"inLanguage\":\"en-US\",\"potentialAction\":[{\"@type\":\"ReadAction\",\"target\":[\"https:\\\/\\\/mentallylab.com\\\/learning-center\\\/\"]}]},{\"@type\":\"BreadcrumbList\",\"@id\":\"https:\\\/\\\/mentallylab.com\\\/learning-center\\\/#breadcrumb\",\"itemListElement\":[{\"@type\":\"ListItem\",\"position\":1,\"name\":\"Portada\",\"item\":\"https:\\\/\\\/mentallylab.com\\\/\"},{\"@type\":\"ListItem\",\"position\":2,\"name\":\"Learning Center\"}]},{\"@type\":\"WebSite\",\"@id\":\"https:\\\/\\\/mentallylab.com\\\/#website\",\"url\":\"https:\\\/\\\/mentallylab.com\\\/\",\"name\":\"Mentallylab\",\"description\":\"La salud mental en el entorno laboral\",\"publisher\":{\"@id\":\"https:\\\/\\\/mentallylab.com\\\/#organization\"},\"potentialAction\":[{\"@type\":\"SearchAction\",\"target\":{\"@type\":\"EntryPoint\",\"urlTemplate\":\"https:\\\/\\\/mentallylab.com\\\/?s={search_term_string}\"},\"query-input\":{\"@type\":\"PropertyValueSpecification\",\"valueRequired\":true,\"valueName\":\"search_term_string\"}}],\"inLanguage\":\"en-US\"},{\"@type\":\"Organization\",\"@id\":\"https:\\\/\\\/mentallylab.com\\\/#organization\",\"name\":\"Mentallylab\",\"url\":\"https:\\\/\\\/mentallylab.com\\\/\",\"logo\":{\"@type\":\"ImageObject\",\"inLanguage\":\"en-US\",\"@id\":\"https:\\\/\\\/mentallylab.com\\\/#\\\/schema\\\/logo\\\/image\\\/\",\"url\":\"https:\\\/\\\/mentallylab.com\\\/wp-content\\\/uploads\\\/2025\\\/09\\\/Mentallylab-icon.webp\",\"contentUrl\":\"https:\\\/\\\/mentallylab.com\\\/wp-content\\\/uploads\\\/2025\\\/09\\\/Mentallylab-icon.webp\",\"width\":500,\"height\":500,\"caption\":\"Mentallylab\"},\"image\":{\"@id\":\"https:\\\/\\\/mentallylab.com\\\/#\\\/schema\\\/logo\\\/image\\\/\"}}]}<\/script>\n<!-- \/ Yoast SEO plugin. -->","yoast_head_json":{"title":"Learning Center - Mentallylab","robots":{"index":"index","follow":"follow","max-snippet":"max-snippet:-1","max-image-preview":"max-image-preview:large","max-video-preview":"max-video-preview:-1"},"canonical":"https:\/\/mentallylab.com\/en\/learning-center\/","og_locale":"en_US","og_type":"article","og_title":"Learning Center - Mentallylab","og_url":"https:\/\/mentallylab.com\/en\/learning-center\/","og_site_name":"Mentallylab","article_modified_time":"2026-02-23T16:25:55+00:00","twitter_card":"summary_large_image","schema":{"@context":"https:\/\/schema.org","@graph":[{"@type":"WebPage","@id":"https:\/\/mentallylab.com\/learning-center\/","url":"https:\/\/mentallylab.com\/learning-center\/","name":"Learning Center - Mentallylab","isPartOf":{"@id":"https:\/\/mentallylab.com\/#website"},"datePublished":"2025-11-18T13:28:38+00:00","dateModified":"2026-02-23T16:25:55+00:00","breadcrumb":{"@id":"https:\/\/mentallylab.com\/learning-center\/#breadcrumb"},"inLanguage":"en-US","potentialAction":[{"@type":"ReadAction","target":["https:\/\/mentallylab.com\/learning-center\/"]}]},{"@type":"BreadcrumbList","@id":"https:\/\/mentallylab.com\/learning-center\/#breadcrumb","itemListElement":[{"@type":"ListItem","position":1,"name":"Portada","item":"https:\/\/mentallylab.com\/"},{"@type":"ListItem","position":2,"name":"Learning Center"}]},{"@type":"WebSite","@id":"https:\/\/mentallylab.com\/#website","url":"https:\/\/mentallylab.com\/","name":"Mentallylab","description":"La salud mental en el entorno laboral","publisher":{"@id":"https:\/\/mentallylab.com\/#organization"},"potentialAction":[{"@type":"SearchAction","target":{"@type":"EntryPoint","urlTemplate":"https:\/\/mentallylab.com\/?s={search_term_string}"},"query-input":{"@type":"PropertyValueSpecification","valueRequired":true,"valueName":"search_term_string"}}],"inLanguage":"en-US"},{"@type":"Organization","@id":"https:\/\/mentallylab.com\/#organization","name":"Mentallylab","url":"https:\/\/mentallylab.com\/","logo":{"@type":"ImageObject","inLanguage":"en-US","@id":"https:\/\/mentallylab.com\/#\/schema\/logo\/image\/","url":"https:\/\/mentallylab.com\/wp-content\/uploads\/2025\/09\/Mentallylab-icon.webp","contentUrl":"https:\/\/mentallylab.com\/wp-content\/uploads\/2025\/09\/Mentallylab-icon.webp","width":500,"height":500,"caption":"Mentallylab"},"image":{"@id":"https:\/\/mentallylab.com\/#\/schema\/logo\/image\/"}}]}},"_links":{"self":[{"href":"https:\/\/mentallylab.com\/en\/wp-json\/wp\/v2\/pages\/1042","targetHints":{"allow":["GET"]}}],"collection":[{"href":"https:\/\/mentallylab.com\/en\/wp-json\/wp\/v2\/pages"}],"about":[{"href":"https:\/\/mentallylab.com\/en\/wp-json\/wp\/v2\/types\/page"}],"author":[{"embeddable":true,"href":"https:\/\/mentallylab.com\/en\/wp-json\/wp\/v2\/users\/2"}],"replies":[{"embeddable":true,"href":"https:\/\/mentallylab.com\/en\/wp-json\/wp\/v2\/comments?post=1042"}],"version-history":[{"count":15,"href":"https:\/\/mentallylab.com\/en\/wp-json\/wp\/v2\/pages\/1042\/revisions"}],"predecessor-version":[{"id":1079,"href":"https:\/\/mentallylab.com\/en\/wp-json\/wp\/v2\/pages\/1042\/revisions\/1079"}],"wp:attachment":[{"href":"https:\/\/mentallylab.com\/en\/wp-json\/wp\/v2\/media?parent=1042"}],"curies":[{"name":"wp","href":"https:\/\/api.w.org\/{rel}","templated":true}]}}