{"id":495,"date":"2025-09-30T15:08:06","date_gmt":"2025-09-30T15:08:06","guid":{"rendered":"https:\/\/mentallylab.com\/?page_id=495"},"modified":"2025-10-16T18:01:22","modified_gmt":"2025-10-16T18:01:22","slug":"mentallyhub","status":"publish","type":"page","link":"https:\/\/mentallylab.com\/fr\/mentallyhub\/","title":{"rendered":"Mentallyhub"},"content":{"rendered":"<div class=\"et_pb_section_0 et_pb_section et_section_regular et_flex_section\">\n<div class=\"et_pb_row_0 et_pb_row et_flex_row\">\n<div class=\"et_pb_column_0 et_pb_column et-last-child et_flex_column et_pb_css_mix_blend_mode_passthrough et_flex_column_24_24 et_flex_column_24_24_tablet et_flex_column_24_24_phone\">\n<div class=\"et_pb_text_0 et_pb_text et_pb_bg_layout_light et_pb_module et_flex_module\"><div class=\"et_pb_text_inner\"><h2 style=\"text-align: center;\">Communaut\u00e9<\/h2>\n<\/div><\/div>\n\n<div class=\"et_pb_divider_0 et_pb_divider et_pb_space et_pb_divider_position_top et_pb_module\"><div class=\"et_pb_divider_internal\"><\/div><\/div>\n\n<div class=\"et_pb_text_1 et_pb_text et_pb_bg_layout_light et_pb_module et_flex_module\"><div class=\"et_pb_text_inner\"><h3 style=\"text-align: center;\">\u00danete a nuestra comunidad y accede a las \u00faltimas noticias, an\u00e1lisis y conversaciones sobre la nueva gesti\u00f3n psicosocial.<\/h3>\n<\/div><\/div>\n\n<div class=\"et_pb_blog_0 et_pb_blog et_pb_bg_layout_light et_pb_posts et_pb_module\"><div class=\"et_pb_ajax_pagination_container\"><div class=\"et_pb_posts et_grid_module\"><article class=\"et_pb_post et_pb_post_id_1111 clearfix et_pb_blog_item_0_0 post-1111 post type-post status-publish format-standard has-post-thumbnail hentry category-comunidad\"><div class=\"et_pb_image_container\"><a href=\"https:\/\/mentallylab.com\/fr\/mentallypro-amplia-sus-baremos-sectoriales\/\" class=\"entry-featured-image-url\"><img loading=\"lazy\" decoding=\"async\" src=\"https:\/\/mentallylab.com\/wp-content\/uploads\/2025\/12\/Blog-Mentally.png\" width=\"400\" height=\"284\" alt=\"MentallyPro amplia sus baremos sectoriales\" class=\"\" \/><span data-icon=\"\ue050\" class=\"et_overlay et_pb_inline_icon\"><\/span><\/a><\/div><h2 class=\"entry-title\"><a href=\"https:\/\/mentallylab.com\/fr\/mentallypro-amplia-sus-baremos-sectoriales\/\">MentallyPro amplia sus baremos sectoriales<\/a><\/h2><p class=\"post-meta\"><span class=\"published\">D\u00e9c 3, 2025<\/span><\/p><div class=\"post-content\"><div class=\"post-content-inner\"><p>En el entorno corporativo actual, el \u00abcaf\u00e9 para todos\u00bb ha dejado de ser una estrategia v\u00e1lida,&#8230;<\/p>\n<\/div><\/div><\/article><article class=\"et_pb_post et_pb_post_id_948 clearfix et_pb_blog_item_0_1 post-948 post type-post status-publish format-standard has-post-thumbnail hentry category-comunidad tag-certificacion-mentallypro tag-jorge-tubio tag-mentallypro\"><div class=\"et_pb_image_container\"><a href=\"https:\/\/mentallylab.com\/fr\/arrancamos-el-curso-en-los-foros-mas-influyentes\/\" class=\"entry-featured-image-url\"><img loading=\"lazy\" decoding=\"async\" src=\"https:\/\/mentallylab.com\/wp-content\/uploads\/2025\/04\/Diseno-sin-titulo-22.png\" width=\"400\" height=\"284\" alt=\"joan-guardia-mentally\" class=\"\" \/><span data-icon=\"\ue050\" class=\"et_overlay et_pb_inline_icon\"><\/span><\/a><\/div><h2 class=\"entry-title\"><a href=\"https:\/\/mentallylab.com\/fr\/arrancamos-el-curso-en-los-foros-mas-influyentes\/\">Arrancamos el curso 2025-26 en los foros m\u00e1s influyentes<\/a><\/h2><p class=\"post-meta\"><span class=\"published\">Nov 19, 2025<\/span><\/p><div class=\"post-content\"><div class=\"post-content-inner\"><p>El inicio del nuevo curso acad\u00e9mico y laboral ha supuesto para Mentally una agenda repleta de&#8230;<\/p>\n<\/div><\/div><\/article><article class=\"et_pb_post et_pb_post_id_724 clearfix et_pb_blog_item_0_2 post-724 post type-post status-publish format-standard has-post-thumbnail hentry category-prueba\"><div class=\"et_pb_image_container\"><a href=\"https:\/\/mentallylab.com\/fr\/el-impacto-de-la-gestion-psicosocial\/\" class=\"entry-featured-image-url\"><img loading=\"lazy\" decoding=\"async\" src=\"https:\/\/mentallylab.com\/wp-content\/uploads\/2025\/10\/mentally-compania.webp\" width=\"400\" height=\"284\" alt=\"Imagen de personas en mentally compan\u0303ia\" class=\"\" \/><span data-icon=\"\ue050\" class=\"et_overlay et_pb_inline_icon\"><\/span><\/a><\/div><h2 class=\"entry-title\"><a href=\"https:\/\/mentallylab.com\/fr\/el-impacto-de-la-gestion-psicosocial\/\">El Impacto de la gesti\u00f3n psicosocial<\/a><\/h2><p class=\"post-meta\"><span class=\"published\">Oct 9, 2025<\/span><\/p><div class=\"post-content\"><div class=\"post-content-inner\"><p>Unos&nbsp;50 profesionales y organizaciones&nbsp;implicados en el bienestar mental de sus&#8230;<\/p>\n<\/div><\/div><\/article><article class=\"et_pb_post et_pb_post_id_183 clearfix et_pb_blog_item_0_3 post-183 post type-post status-publish format-standard has-post-thumbnail hentry category-comunidad category-evento\"><div class=\"et_pb_image_container\"><a href=\"https:\/\/mentallylab.com\/fr\/la-importancia-de-los-instrumentos-para-medir-riesgo-psicosocial\/\" class=\"entry-featured-image-url\"><img loading=\"lazy\" decoding=\"async\" src=\"https:\/\/mentallylab.com\/wp-content\/uploads\/2025\/09\/JORNADA-CAEB-EXTERIOR.jpg\" width=\"400\" height=\"284\" alt=\"Mesa con los ponentes de la JORNADA CAEB\" class=\"\" \/><span data-icon=\"\ue050\" class=\"et_overlay et_pb_inline_icon\"><\/span><\/a><\/div><h2 class=\"entry-title\"><a href=\"https:\/\/mentallylab.com\/fr\/la-importancia-de-los-instrumentos-para-medir-riesgo-psicosocial\/\">La importancia de los instrumentos para medir riesgo psicosocial<\/a><\/h2><p class=\"post-meta\"><span class=\"published\">Sep 9, 2025<\/span><\/p><div class=\"post-content\"><div class=\"post-content-inner\"><p>Este\u00a029 de abril, en\u00a0Palma,\u00a0participamos junto a\u00a0 BeOn* y\u00a0CAEB\u00a0en la jornada \u00abEl Impacto de la&#8230;<\/p>\n<\/div><\/div><\/article><article class=\"et_pb_post et_pb_post_id_142 clearfix et_pb_blog_item_0_4 post-142 post type-post status-publish format-standard has-post-thumbnail hentry category-articulo category-comunidad\"><div class=\"et_pb_image_container\"><a href=\"https:\/\/mentallylab.com\/fr\/certificacion-mentally-senior-professional\/\" class=\"entry-featured-image-url\"><img loading=\"lazy\" decoding=\"async\" src=\"https:\/\/mentallylab.com\/wp-content\/uploads\/2025\/09\/contenido-CERTIFICACION.webp\" width=\"400\" height=\"284\" alt=\"Certificaci\u00f3n Senior Professional Mentallypro\" class=\"\" \/><span data-icon=\"\ue050\" class=\"et_overlay et_pb_inline_icon\"><\/span><\/a><\/div><h2 class=\"entry-title\"><a href=\"https:\/\/mentallylab.com\/fr\/certificacion-mentally-senior-professional\/\">Descubre la Certificaci\u00f3n Mentally Senior Professional<\/a><\/h2><p class=\"post-meta\"><span class=\"published\">Sep 9, 2025<\/span><\/p><div class=\"post-content\"><div class=\"post-content-inner\"><p>M\u00e1s de 150 profesionales ya se han formado en las 5 ediciones realizadas de esta certificaci\u00f3n&#8230;.<\/p>\n<\/div><\/div><\/article><article class=\"et_pb_post et_pb_post_id_149 clearfix et_pb_blog_item_0_5 post-149 post type-post status-publish format-standard has-post-thumbnail hentry category-articulo category-comunidad\"><div class=\"et_pb_image_container\"><a href=\"https:\/\/mentallylab.com\/fr\/las-cifras-de-absentismo-ligado-a-salud-mental-no-paran-de-crecer\/\" class=\"entry-featured-image-url\"><img loading=\"lazy\" decoding=\"async\" src=\"https:\/\/mentallylab.com\/wp-content\/uploads\/2025\/09\/habitacion-vacia-con-sillas-y-escritorios.webp\" width=\"400\" height=\"284\" alt=\"Mesas de oficina vacias, absentismo laboral\" class=\"\" \/><span data-icon=\"\ue050\" class=\"et_overlay et_pb_inline_icon\"><\/span><\/a><\/div><h2 class=\"entry-title\"><a href=\"https:\/\/mentallylab.com\/fr\/las-cifras-de-absentismo-ligado-a-salud-mental-no-paran-de-crecer\/\">Absentismo mental al alza: \u00bfQu\u00e9 hacer ante las cifras?<\/a><\/h2><p class=\"post-meta\"><span class=\"published\">Juil 9, 2025<\/span><\/p><div class=\"post-content\"><div class=\"post-content-inner\"><p>En estos \u00faltimos a\u00f1os, las bajas laborales por trastornos relacionados con el bienestar&#8230;<\/p>\n<\/div><\/div><\/article><\/div><\/div><\/div>\n<\/div>\n<\/div>\n<\/div>\n\n<div class=\"et_pb_section_1 et_pb_section et_section_regular et_flex_section\">\n<div class=\"et_pb_row_1 et_pb_row et_flex_row\">\n<div class=\"et_pb_column_1 et_pb_column et-last-child et_flex_column et_pb_css_mix_blend_mode_passthrough et_flex_column_24_24 et_flex_column_24_24_tablet et_flex_column_24_24_phone\">\n<div class=\"et_pb_text_2 et_pb_text et_pb_bg_layout_light et_pb_module et_flex_module\"><div class=\"et_pb_text_inner\"><h2 style=\"text-align: center;\">Nuestra comunidad en Linkedin<\/h2>\n<\/div><\/div>\n\n<div class=\"et_pb_divider_1 et_pb_divider et_pb_space et_pb_divider_position_top et_pb_module\"><div class=\"et_pb_divider_internal\"><\/div><\/div>\n<\/div>\n<\/div>\n\n<div class=\"et_pb_row_2 et_pb_row et_flex_row\">\n<div class=\"et_pb_column_2 et_pb_column et-last-child et_flex_column et_pb_css_mix_blend_mode_passthrough et_flex_column_24_24 et_flex_column_24_24_tablet et_flex_column_24_24_phone\">\n<div class=\"et_pb_group_carousel_0 et_pb_group_carousel et_pb_group et_pb_module et_pb_group_carousel_arrows_inside et_pb_group_carousel_dots_disabled et_pb_group_carousel_slides_2\"><div class=\"et_pb_group_carousel_container\"><div class=\"et_pb_group_carousel_track\"><div class=\"et_pb_group_carousel_slide\"><div class=\"et_pb_group_0 et_pb_group et_pb_module et_flex_group et_pb_css_mix_blend_mode_passthrough\">\n<div class=\"et_pb_code_0 et_pb_code et_pb_module\"><div class=\"et_pb_code_inner\"><iframe loading=\"lazy\" src=\"https:\/\/www.linkedin.com\/embed\/feed\/update\/urn:li:share:7346801859413618688?collapsed=1\" height=\"521\" width=\"504\" frameborder=\"0\" allowfullscreen=\"\" title=\"Publicaci\u00f3n integrada\"><\/iframe><\/div><\/div>\n<\/div><\/div><div class=\"et_pb_group_carousel_slide\"><div class=\"et_pb_group_1 et_pb_group et_pb_module et_flex_group et_pb_css_mix_blend_mode_passthrough\">\n<div class=\"et_pb_code_1 et_pb_code et_pb_module\"><div class=\"et_pb_code_inner\"><iframe loading=\"lazy\" src=\"https:\/\/www.linkedin.com\/embed\/feed\/update\/urn:li:share:7110211690339708928?collapsed=1\" height=\"551\" width=\"504\" frameborder=\"0\" allowfullscreen=\"\" title=\"Publicaci\u00f3n integrada\"><\/iframe><\/div><\/div>\n<\/div><\/div><div class=\"et_pb_group_carousel_slide\"><div class=\"et_pb_group_2 et_pb_group et_pb_module et_flex_group et_pb_css_mix_blend_mode_passthrough\">\n<div class=\"et_pb_code_2 et_pb_code et_pb_module\"><div class=\"et_pb_code_inner\"><iframe loading=\"lazy\" src=\"https:\/\/www.linkedin.com\/embed\/feed\/update\/urn:li:ugcPost:7124832924381720576?collapsed=1\" height=\"895\" width=\"504\" frameborder=\"0\" allowfullscreen=\"\" title=\"Publicaci\u00f3n integrada\"><\/iframe><\/div><\/div>\n<\/div><\/div><div class=\"et_pb_group_carousel_slide\"><div class=\"et_pb_group_3 et_pb_group et-last-child et_pb_module et_flex_group et_pb_css_mix_blend_mode_passthrough\">\n<div class=\"et_pb_code_3 et_pb_code et_pb_module\"><div class=\"et_pb_code_inner\"><iframe loading=\"lazy\" src=\"https:\/\/www.linkedin.com\/embed\/feed\/update\/urn:li:share:7373742281943863296?collapsed=1\" height=\"670\" width=\"504\" frameborder=\"0\" allowfullscreen=\"\" title=\"Publicaci\u00f3n integrada\"><\/iframe><\/div><\/div>\n<\/div><\/div><\/div><\/div><span class=\"et_pb_group_carousel_arrow et_pb_group_carousel_arrow_prev\" role=\"button\" tabindex=\"0\" aria-label=\"Previous slide\"><span class=\"et-pb-icon\">4<\/span><\/span><span class=\"et_pb_group_carousel_arrow et_pb_group_carousel_arrow_next\" role=\"button\" tabindex=\"0\" aria-label=\"Next slide\"><span class=\"et-pb-icon\">5<\/span><\/span><\/div>\n<\/div>\n<\/div>\n<\/div>","protected":false},"excerpt":{"rendered":"","protected":false},"author":2,"featured_media":0,"parent":0,"menu_order":0,"comment_status":"closed","ping_status":"closed","template":"","meta":{"content-type":"","footnotes":""},"class_list":["post-495","page","type-page","status-publish","hentry"],"yoast_head":"<!-- This site is optimized with the Yoast SEO plugin v27.6 - https:\/\/yoast.com\/product\/yoast-seo-wordpress\/ -->\n<title>Mentallyhub - Mentallylab<\/title>\n<meta name=\"robots\" content=\"index, follow, max-snippet:-1, max-image-preview:large, max-video-preview:-1\" \/>\n<link rel=\"canonical\" href=\"https:\/\/mentallylab.com\/fr\/mentallyhub\/\" \/>\n<meta property=\"og:locale\" content=\"fr_FR\" \/>\n<meta property=\"og:type\" content=\"article\" \/>\n<meta property=\"og:title\" content=\"Mentallyhub - Mentallylab\" \/>\n<meta property=\"og:url\" content=\"https:\/\/mentallylab.com\/fr\/mentallyhub\/\" \/>\n<meta property=\"og:site_name\" content=\"Mentallylab\" \/>\n<meta property=\"article:modified_time\" content=\"2025-10-16T18:01:22+00:00\" \/>\n<meta name=\"twitter:card\" content=\"summary_large_image\" \/>\n<script type=\"application\/ld+json\" class=\"yoast-schema-graph\">{\"@context\":\"https:\\\/\\\/schema.org\",\"@graph\":[{\"@type\":\"WebPage\",\"@id\":\"https:\\\/\\\/mentallylab.com\\\/mentallyhub\\\/\",\"url\":\"https:\\\/\\\/mentallylab.com\\\/mentallyhub\\\/\",\"name\":\"Mentallyhub - Mentallylab\",\"isPartOf\":{\"@id\":\"https:\\\/\\\/mentallylab.com\\\/#website\"},\"datePublished\":\"2025-09-30T15:08:06+00:00\",\"dateModified\":\"2025-10-16T18:01:22+00:00\",\"breadcrumb\":{\"@id\":\"https:\\\/\\\/mentallylab.com\\\/mentallyhub\\\/#breadcrumb\"},\"inLanguage\":\"fr-FR\",\"potentialAction\":[{\"@type\":\"ReadAction\",\"target\":[\"https:\\\/\\\/mentallylab.com\\\/mentallyhub\\\/\"]}]},{\"@type\":\"BreadcrumbList\",\"@id\":\"https:\\\/\\\/mentallylab.com\\\/mentallyhub\\\/#breadcrumb\",\"itemListElement\":[{\"@type\":\"ListItem\",\"position\":1,\"name\":\"Portada\",\"item\":\"https:\\\/\\\/mentallylab.com\\\/\"},{\"@type\":\"ListItem\",\"position\":2,\"name\":\"Mentallyhub\"}]},{\"@type\":\"WebSite\",\"@id\":\"https:\\\/\\\/mentallylab.com\\\/#website\",\"url\":\"https:\\\/\\\/mentallylab.com\\\/\",\"name\":\"Mentallylab\",\"description\":\"La salud mental en el entorno laboral\",\"publisher\":{\"@id\":\"https:\\\/\\\/mentallylab.com\\\/#organization\"},\"potentialAction\":[{\"@type\":\"SearchAction\",\"target\":{\"@type\":\"EntryPoint\",\"urlTemplate\":\"https:\\\/\\\/mentallylab.com\\\/?s={search_term_string}\"},\"query-input\":{\"@type\":\"PropertyValueSpecification\",\"valueRequired\":true,\"valueName\":\"search_term_string\"}}],\"inLanguage\":\"fr-FR\"},{\"@type\":\"Organization\",\"@id\":\"https:\\\/\\\/mentallylab.com\\\/#organization\",\"name\":\"Mentallylab\",\"url\":\"https:\\\/\\\/mentallylab.com\\\/\",\"logo\":{\"@type\":\"ImageObject\",\"inLanguage\":\"fr-FR\",\"@id\":\"https:\\\/\\\/mentallylab.com\\\/#\\\/schema\\\/logo\\\/image\\\/\",\"url\":\"https:\\\/\\\/mentallylab.com\\\/wp-content\\\/uploads\\\/2025\\\/09\\\/Mentallylab-icon.webp\",\"contentUrl\":\"https:\\\/\\\/mentallylab.com\\\/wp-content\\\/uploads\\\/2025\\\/09\\\/Mentallylab-icon.webp\",\"width\":500,\"height\":500,\"caption\":\"Mentallylab\"},\"image\":{\"@id\":\"https:\\\/\\\/mentallylab.com\\\/#\\\/schema\\\/logo\\\/image\\\/\"}}]}<\/script>\n<!-- \/ Yoast SEO plugin. -->","yoast_head_json":{"title":"Mentallyhub - Mentallylab","robots":{"index":"index","follow":"follow","max-snippet":"max-snippet:-1","max-image-preview":"max-image-preview:large","max-video-preview":"max-video-preview:-1"},"canonical":"https:\/\/mentallylab.com\/fr\/mentallyhub\/","og_locale":"fr_FR","og_type":"article","og_title":"Mentallyhub - Mentallylab","og_url":"https:\/\/mentallylab.com\/fr\/mentallyhub\/","og_site_name":"Mentallylab","article_modified_time":"2025-10-16T18:01:22+00:00","twitter_card":"summary_large_image","schema":{"@context":"https:\/\/schema.org","@graph":[{"@type":"WebPage","@id":"https:\/\/mentallylab.com\/mentallyhub\/","url":"https:\/\/mentallylab.com\/mentallyhub\/","name":"Mentallyhub - Mentallylab","isPartOf":{"@id":"https:\/\/mentallylab.com\/#website"},"datePublished":"2025-09-30T15:08:06+00:00","dateModified":"2025-10-16T18:01:22+00:00","breadcrumb":{"@id":"https:\/\/mentallylab.com\/mentallyhub\/#breadcrumb"},"inLanguage":"fr-FR","potentialAction":[{"@type":"ReadAction","target":["https:\/\/mentallylab.com\/mentallyhub\/"]}]},{"@type":"BreadcrumbList","@id":"https:\/\/mentallylab.com\/mentallyhub\/#breadcrumb","itemListElement":[{"@type":"ListItem","position":1,"name":"Portada","item":"https:\/\/mentallylab.com\/"},{"@type":"ListItem","position":2,"name":"Mentallyhub"}]},{"@type":"WebSite","@id":"https:\/\/mentallylab.com\/#website","url":"https:\/\/mentallylab.com\/","name":"Mentallylab","description":"La salud mental en el entorno laboral","publisher":{"@id":"https:\/\/mentallylab.com\/#organization"},"potentialAction":[{"@type":"SearchAction","target":{"@type":"EntryPoint","urlTemplate":"https:\/\/mentallylab.com\/?s={search_term_string}"},"query-input":{"@type":"PropertyValueSpecification","valueRequired":true,"valueName":"search_term_string"}}],"inLanguage":"fr-FR"},{"@type":"Organization","@id":"https:\/\/mentallylab.com\/#organization","name":"Mentallylab","url":"https:\/\/mentallylab.com\/","logo":{"@type":"ImageObject","inLanguage":"fr-FR","@id":"https:\/\/mentallylab.com\/#\/schema\/logo\/image\/","url":"https:\/\/mentallylab.com\/wp-content\/uploads\/2025\/09\/Mentallylab-icon.webp","contentUrl":"https:\/\/mentallylab.com\/wp-content\/uploads\/2025\/09\/Mentallylab-icon.webp","width":500,"height":500,"caption":"Mentallylab"},"image":{"@id":"https:\/\/mentallylab.com\/#\/schema\/logo\/image\/"}}]}},"_links":{"self":[{"href":"https:\/\/mentallylab.com\/fr\/wp-json\/wp\/v2\/pages\/495","targetHints":{"allow":["GET"]}}],"collection":[{"href":"https:\/\/mentallylab.com\/fr\/wp-json\/wp\/v2\/pages"}],"about":[{"href":"https:\/\/mentallylab.com\/fr\/wp-json\/wp\/v2\/types\/page"}],"author":[{"embeddable":true,"href":"https:\/\/mentallylab.com\/fr\/wp-json\/wp\/v2\/users\/2"}],"replies":[{"embeddable":true,"href":"https:\/\/mentallylab.com\/fr\/wp-json\/wp\/v2\/comments?post=495"}],"version-history":[{"count":13,"href":"https:\/\/mentallylab.com\/fr\/wp-json\/wp\/v2\/pages\/495\/revisions"}],"predecessor-version":[{"id":546,"href":"https:\/\/mentallylab.com\/fr\/wp-json\/wp\/v2\/pages\/495\/revisions\/546"}],"wp:attachment":[{"href":"https:\/\/mentallylab.com\/fr\/wp-json\/wp\/v2\/media?parent=495"}],"curies":[{"name":"wp","href":"https:\/\/api.w.org\/{rel}","templated":true}]}}